{"id":7266,"date":"2025-09-25T09:26:08","date_gmt":"2025-09-25T07:26:08","guid":{"rendered":"https:\/\/www.agrati.com\/tokbo\/"},"modified":"2026-02-06T15:58:37","modified_gmt":"2026-02-06T14:58:37","slug":"tokbo","status":"publish","type":"page","link":"https:\/\/www.agrati.com\/fr\/tokbo\/","title":{"rendered":"Tokbo"},"content":{"rendered":"\n<p>Surveillance pr\u00e9dictive \u00e0 distance et service client num\u00e9rique<\/p>\n","protected":false},"excerpt":{"rendered":"<p>Surveillance pr\u00e9dictive \u00e0 distance et service client num\u00e9rique<\/p>\n","protected":false},"author":1,"featured_media":7258,"parent":0,"menu_order":0,"comment_status":"closed","ping_status":"closed","template":"","meta":{"_acf_changed":false,"footnotes":""},"class_list":["post-7266","page","type-page","status-publish","has-post-thumbnail","hentry"],"acf":[],"_links":{"self":[{"href":"https:\/\/www.agrati.com\/fr\/wp-json\/wp\/v2\/pages\/7266","targetHints":{"allow":["GET"]}}],"collection":[{"href":"https:\/\/www.agrati.com\/fr\/wp-json\/wp\/v2\/pages"}],"about":[{"href":"https:\/\/www.agrati.com\/fr\/wp-json\/wp\/v2\/types\/page"}],"author":[{"embeddable":true,"href":"https:\/\/www.agrati.com\/fr\/wp-json\/wp\/v2\/users\/1"}],"replies":[{"embeddable":true,"href":"https:\/\/www.agrati.com\/fr\/wp-json\/wp\/v2\/comments?post=7266"}],"version-history":[{"count":17,"href":"https:\/\/www.agrati.com\/fr\/wp-json\/wp\/v2\/pages\/7266\/revisions"}],"predecessor-version":[{"id":9530,"href":"https:\/\/www.agrati.com\/fr\/wp-json\/wp\/v2\/pages\/7266\/revisions\/9530"}],"wp:featuredmedia":[{"embeddable":true,"href":"https:\/\/www.agrati.com\/fr\/wp-json\/wp\/v2\/media\/7258"}],"wp:attachment":[{"href":"https:\/\/www.agrati.com\/fr\/wp-json\/wp\/v2\/media?parent=7266"}],"curies":[{"name":"wp","href":"https:\/\/api.w.org\/{rel}","templated":true}]}}